{"id":190,"date":"2020-08-27T11:35:50","date_gmt":"2020-08-27T09:35:50","guid":{"rendered":"https:\/\/held-systems.com\/?page_id=190"},"modified":"2021-06-23T11:17:35","modified_gmt":"2021-06-23T09:17:35","slug":"schweissen","status":"publish","type":"page","link":"https:\/\/held-systems.com\/en\/anwendungen\/schweissen\/","title":{"rendered":"Laser welding"},"content":{"rendered":"<div data-elementor-type=\"wp-page\" data-elementor-id=\"190\" class=\"elementor elementor-190\" data-elementor-post-type=\"page\">\n\t\t\t\t\t\t<section class=\"elementor-section elementor-top-section elementor-element elementor-element-ae1cbaa elementor-section-full_width elementor-section-stretched elementor-section-height-default elementor-section-height-default\" data-id=\"ae1cbaa\" data-element_type=\"section\" data-settings=\"{&quot;stretch_section&quot;:&quot;section-stretched&quot;}\">\n\t\t\t\t\t\t<div class=\"elementor-container elementor-column-gap-default\">\n\t\t\t\t\t<div class=\"elementor-column elementor-col-100 elementor-top-column elementor-element elementor-element-ffc8f90\" data-id=\"ffc8f90\" data-element_type=\"column\">\n\t\t\t<div class=\"elementor-widget-wrap elementor-element-populated\">\n\t\t\t\t\t\t<div class=\"elementor-element elementor-element-0330319 elementor--v-position-bottom elementor--h-position-center elementor-arrows-position-inside elementor-pagination-position-inside elementor-widget elementor-widget-slides\" data-id=\"0330319\" data-element_type=\"widget\" data-settings=\"{&quot;navigation&quot;:&quot;both&quot;,&quot;autoplay&quot;:&quot;yes&quot;,&quot;pause_on_hover&quot;:&quot;yes&quot;,&quot;pause_on_interaction&quot;:&quot;yes&quot;,&quot;autoplay_speed&quot;:5000,&quot;infinite&quot;:&quot;yes&quot;,&quot;transition&quot;:&quot;slide&quot;,&quot;transition_speed&quot;:500}\" data-widget_type=\"slides.default\">\n\t\t\t\t<div class=\"elementor-widget-container\">\n\t\t\t\t\t\t\t\t\t<div class=\"elementor-swiper\">\n\t\t\t\t\t<div class=\"elementor-slides-wrapper elementor-main-swiper swiper\" role=\"region\" aria-roledescription=\"carousel\" aria-label=\"Slides\" dir=\"ltr\" data-animation=\"fadeInUp\">\n\t\t\t\t<div class=\"swiper-wrapper elementor-slides\">\n\t\t\t\t\t\t\t\t\t\t<div class=\"elementor-repeater-item-a2ffa03 swiper-slide\" role=\"group\" aria-roledescription=\"slide\"><div class=\"swiper-slide-bg\" role=\"img\"><\/div><div class=\"swiper-slide-inner\" ><div class=\"swiper-slide-contents\"><\/div><\/div><\/div>\t\t\t\t<\/div>\n\t\t\t\t\t\t\t<\/div>\n\t\t\t\t<\/div>\n\t\t\t\t\t\t\t\t<\/div>\n\t\t\t\t<\/div>\n\t\t\t\t\t<\/div>\n\t\t<\/div>\n\t\t\t\t\t<\/div>\n\t\t<\/section>\n\t\t\t\t<section class=\"elementor-section elementor-top-section elementor-element elementor-element-1c4a121 elementor-section-full_width elementor-section-height-default elementor-section-height-default\" data-id=\"1c4a121\" data-element_type=\"section\">\n\t\t\t\t\t\t<div class=\"elementor-container elementor-column-gap-default\">\n\t\t\t\t\t<div class=\"elementor-column elementor-col-100 elementor-top-column elementor-element elementor-element-11dc03f\" data-id=\"11dc03f\" data-element_type=\"column\">\n\t\t\t<div class=\"elementor-widget-wrap elementor-element-populated\">\n\t\t\t\t\t\t<div class=\"elementor-element elementor-element-c4e1210 elementor-widget-divider--view-line_icon elementor-view-default elementor-widget-divider--element-align-center elementor-widget elementor-widget-divider\" data-id=\"c4e1210\" data-element_type=\"widget\" data-widget_type=\"divider.default\">\n\t\t\t\t<div class=\"elementor-widget-container\">\n\t\t\t\t\t\t\t<div class=\"elementor-divider\">\n\t\t\t<span class=\"elementor-divider-separator\">\n\t\t\t\t\t\t\t<div class=\"elementor-icon elementor-divider__element\">\n\t\t\t\t\t<svg xmlns=\"http:\/\/www.w3.org\/2000\/svg\" xmlns:xlink=\"http:\/\/www.w3.org\/1999\/xlink\" id=\"Ebene_1\" x=\"0px\" y=\"0px\" viewbox=\"0 0 113.4 113.4\" style=\"enable-background:new 0 0 113.4 113.4;\" xml:space=\"preserve\"><style type=\"text\/css\">\t.st0{fill:#F29100;}<\/style><polygon class=\"st0\" points=\"2.4,2.8 110.5,2.8 110.5,110.8 80.4,80.6 49.8,111.4 2.2,63.7 31.8,35 \"><\/polygon><\/svg><\/div>\n\t\t\t\t\t\t<\/span>\n\t\t<\/div>\n\t\t\t\t\t\t<\/div>\n\t\t\t\t<\/div>\n\t\t\t\t\t<\/div>\n\t\t<\/div>\n\t\t\t\t\t<\/div>\n\t\t<\/section>\n\t\t\t\t<section class=\"elementor-section elementor-top-section elementor-element elementor-element-cb9d028 elementor-section-boxed elementor-section-height-default elementor-section-height-default\" data-id=\"cb9d028\" data-element_type=\"section\">\n\t\t\t\t\t\t<div class=\"elementor-container elementor-column-gap-default\">\n\t\t\t\t\t<div class=\"elementor-column elementor-col-100 elementor-top-column elementor-element elementor-element-e22d251\" data-id=\"e22d251\" data-element_type=\"column\">\n\t\t\t<div class=\"elementor-widget-wrap elementor-element-populated\">\n\t\t\t\t\t\t<div class=\"elementor-element elementor-element-d6d1aa1 elementor-widget elementor-widget-text-editor\" data-id=\"d6d1aa1\" data-element_type=\"widget\" data-widget_type=\"text-editor.default\">\n\t\t\t\t<div class=\"elementor-widget-container\">\n\t\t\t\t\t\t\t\t\t<p>Held Systems manufactures welding systems for the production of<\/p><ul><li>electrodes to generate green hydrogen<\/li><li>tailored blanks<\/li><li>tailored profiles\/beams<\/li><li>heat exchanger plates<\/li><li>components for rail vehicle construction and the automotive industry<\/li><li>outer skin parts for aircraft (fuselage)<\/li><\/ul>\t\t\t\t\t\t\t\t<\/div>\n\t\t\t\t<\/div>\n\t\t\t\t\t<\/div>\n\t\t<\/div>\n\t\t\t\t\t<\/div>\n\t\t<\/section>\n\t\t\t\t<section class=\"elementor-section elementor-top-section elementor-element elementor-element-75fba70 elementor-section-boxed elementor-section-height-default elementor-section-height-default\" data-id=\"75fba70\" data-element_type=\"section\">\n\t\t\t\t\t\t<div class=\"elementor-container elementor-column-gap-default\">\n\t\t\t\t\t<div class=\"elementor-column elementor-col-33 elementor-top-column elementor-element elementor-element-0cb781b\" data-id=\"0cb781b\" data-element_type=\"column\">\n\t\t\t<div class=\"elementor-widget-wrap elementor-element-populated\">\n\t\t\t\t\t\t<div class=\"elementor-element elementor-element-37218ae elementor-widget elementor-widget-image\" data-id=\"37218ae\" data-element_type=\"widget\" data-widget_type=\"image.default\">\n\t\t\t\t<div class=\"elementor-widget-container\">\n\t\t\t\t\t\t\t\t\t\t\t\t\t\t\t<img fetchpriority=\"high\" decoding=\"async\" width=\"1024\" height=\"683\" src=\"https:\/\/held-systems.com\/wp-content\/uploads\/2021\/05\/Laser-landscape-7191-1024x683.jpg\" class=\"attachment-large size-large wp-image-623\" alt=\"\" srcset=\"https:\/\/held-systems.com\/wp-content\/uploads\/2021\/05\/Laser-landscape-7191-1024x683.jpg 1024w, https:\/\/held-systems.com\/wp-content\/uploads\/2021\/05\/Laser-landscape-7191-300x200.jpg 300w, https:\/\/held-systems.com\/wp-content\/uploads\/2021\/05\/Laser-landscape-7191-768x512.jpg 768w, https:\/\/held-systems.com\/wp-content\/uploads\/2021\/05\/Laser-landscape-7191.jpg 1920w\" sizes=\"(max-width: 1024px) 100vw, 1024px\" \/>\t\t\t\t\t\t\t\t\t\t\t\t\t\t\t<\/div>\n\t\t\t\t<\/div>\n\t\t\t\t\t<\/div>\n\t\t<\/div>\n\t\t\t\t<div class=\"elementor-column elementor-col-33 elementor-top-column elementor-element elementor-element-3de7ddc\" data-id=\"3de7ddc\" data-element_type=\"column\">\n\t\t\t<div class=\"elementor-widget-wrap elementor-element-populated\">\n\t\t\t\t\t\t<div class=\"elementor-element elementor-element-0e201a9 elementor-widget elementor-widget-image\" data-id=\"0e201a9\" data-element_type=\"widget\" data-widget_type=\"image.default\">\n\t\t\t\t<div class=\"elementor-widget-container\">\n\t\t\t\t\t\t\t\t\t\t\t\t\t\t\t<img decoding=\"async\" width=\"1024\" height=\"683\" src=\"https:\/\/held-systems.com\/wp-content\/uploads\/2021\/05\/Laser-7234-1024x683.jpg\" class=\"attachment-large size-large wp-image-624\" alt=\"\" srcset=\"https:\/\/held-systems.com\/wp-content\/uploads\/2021\/05\/Laser-7234-1024x683.jpg 1024w, https:\/\/held-systems.com\/wp-content\/uploads\/2021\/05\/Laser-7234-300x200.jpg 300w, https:\/\/held-systems.com\/wp-content\/uploads\/2021\/05\/Laser-7234-768x512.jpg 768w, https:\/\/held-systems.com\/wp-content\/uploads\/2021\/05\/Laser-7234.jpg 1920w\" sizes=\"(max-width: 1024px) 100vw, 1024px\" \/>\t\t\t\t\t\t\t\t\t\t\t\t\t\t\t<\/div>\n\t\t\t\t<\/div>\n\t\t\t\t\t<\/div>\n\t\t<\/div>\n\t\t\t\t<div class=\"elementor-column elementor-col-33 elementor-top-column elementor-element elementor-element-907ab58\" data-id=\"907ab58\" data-element_type=\"column\">\n\t\t\t<div class=\"elementor-widget-wrap elementor-element-populated\">\n\t\t\t\t\t\t<div class=\"elementor-element elementor-element-19b456e elementor-widget elementor-widget-image\" data-id=\"19b456e\" data-element_type=\"widget\" data-widget_type=\"image.default\">\n\t\t\t\t<div class=\"elementor-widget-container\">\n\t\t\t\t\t\t\t\t\t\t\t\t\t\t\t<img decoding=\"async\" width=\"1024\" height=\"683\" src=\"https:\/\/held-systems.com\/wp-content\/uploads\/2021\/05\/Laser-7413-1024x683.jpg\" class=\"attachment-large size-large wp-image-625\" alt=\"\" srcset=\"https:\/\/held-systems.com\/wp-content\/uploads\/2021\/05\/Laser-7413-1024x683.jpg 1024w, https:\/\/held-systems.com\/wp-content\/uploads\/2021\/05\/Laser-7413-300x200.jpg 300w, https:\/\/held-systems.com\/wp-content\/uploads\/2021\/05\/Laser-7413-768x512.jpg 768w, https:\/\/held-systems.com\/wp-content\/uploads\/2021\/05\/Laser-7413.jpg 1920w\" sizes=\"(max-width: 1024px) 100vw, 1024px\" \/>\t\t\t\t\t\t\t\t\t\t\t\t\t\t\t<\/div>\n\t\t\t\t<\/div>\n\t\t\t\t\t<\/div>\n\t\t<\/div>\n\t\t\t\t\t<\/div>\n\t\t<\/section>\n\t\t\t\t<section class=\"elementor-section elementor-top-section elementor-element elementor-element-a4d1201 elementor-section-boxed elementor-section-height-default elementor-section-height-default\" data-id=\"a4d1201\" data-element_type=\"section\">\n\t\t\t\t\t\t<div class=\"elementor-container elementor-column-gap-default\">\n\t\t\t\t\t<div class=\"elementor-column elementor-col-50 elementor-top-column elementor-element elementor-element-05e7855\" data-id=\"05e7855\" data-element_type=\"column\">\n\t\t\t<div class=\"elementor-widget-wrap elementor-element-populated\">\n\t\t\t\t\t\t<div class=\"elementor-element elementor-element-cadab88 elementor-widget elementor-widget-image\" data-id=\"cadab88\" data-element_type=\"widget\" data-widget_type=\"image.default\">\n\t\t\t\t<div class=\"elementor-widget-container\">\n\t\t\t\t\t\t\t\t\t\t\t\t\t\t\t<img loading=\"lazy\" decoding=\"async\" width=\"450\" height=\"141\" src=\"https:\/\/held-systems.com\/wp-content\/uploads\/2021\/05\/bild_meyer.jpg\" class=\"attachment-large size-large wp-image-630\" alt=\"\" srcset=\"https:\/\/held-systems.com\/wp-content\/uploads\/2021\/05\/bild_meyer.jpg 450w, https:\/\/held-systems.com\/wp-content\/uploads\/2021\/05\/bild_meyer-300x94.jpg 300w\" sizes=\"(max-width: 450px) 100vw, 450px\" \/>\t\t\t\t\t\t\t\t\t\t\t\t\t\t\t<\/div>\n\t\t\t\t<\/div>\n\t\t\t\t\t<\/div>\n\t\t<\/div>\n\t\t\t\t<div class=\"elementor-column elementor-col-50 elementor-top-column elementor-element elementor-element-8af2bc7\" data-id=\"8af2bc7\" data-element_type=\"column\">\n\t\t\t<div class=\"elementor-widget-wrap elementor-element-populated\">\n\t\t\t\t\t\t<div class=\"elementor-element elementor-element-02a07d4 elementor-widget elementor-widget-image\" data-id=\"02a07d4\" data-element_type=\"widget\" data-widget_type=\"image.default\">\n\t\t\t\t<div class=\"elementor-widget-container\">\n\t\t\t\t\t\t\t\t\t\t\t\t\t\t\t<img loading=\"lazy\" decoding=\"async\" width=\"1024\" height=\"572\" src=\"https:\/\/held-systems.com\/wp-content\/uploads\/2021\/06\/Laserschwei\u00dfen-16-9-L1090659-1090659-2-1024x572.jpg\" class=\"attachment-large size-large wp-image-1864\" alt=\"\" srcset=\"https:\/\/held-systems.com\/wp-content\/uploads\/2021\/06\/Laserschwei\u00dfen-16-9-L1090659-1090659-2-1024x572.jpg 1024w, https:\/\/held-systems.com\/wp-content\/uploads\/2021\/06\/Laserschwei\u00dfen-16-9-L1090659-1090659-2-300x167.jpg 300w, https:\/\/held-systems.com\/wp-content\/uploads\/2021\/06\/Laserschwei\u00dfen-16-9-L1090659-1090659-2-768x429.jpg 768w, https:\/\/held-systems.com\/wp-content\/uploads\/2021\/06\/Laserschwei\u00dfen-16-9-L1090659-1090659-2-16x9.jpg 16w, https:\/\/held-systems.com\/wp-content\/uploads\/2021\/06\/Laserschwei\u00dfen-16-9-L1090659-1090659-2.jpg 2048w\" sizes=\"(max-width: 1024px) 100vw, 1024px\" \/>\t\t\t\t\t\t\t\t\t\t\t\t\t\t\t<\/div>\n\t\t\t\t<\/div>\n\t\t\t\t\t<\/div>\n\t\t<\/div>\n\t\t\t\t\t<\/div>\n\t\t<\/section>\n\t\t\t\t<section class=\"elementor-section elementor-top-section elementor-element elementor-element-82b93e6 elementor-section-full_width elementor-section-height-default elementor-section-height-default\" data-id=\"82b93e6\" data-element_type=\"section\">\n\t\t\t\t\t\t<div class=\"elementor-container elementor-column-gap-default\">\n\t\t\t\t\t<div class=\"elementor-column elementor-col-100 elementor-top-column elementor-element elementor-element-4cca578\" data-id=\"4cca578\" data-element_type=\"column\">\n\t\t\t<div class=\"elementor-widget-wrap elementor-element-populated\">\n\t\t\t\t\t\t<div class=\"elementor-element elementor-element-001a96f elementor-widget-divider--view-line_icon elementor-view-default elementor-widget-divider--element-align-center elementor-widget elementor-widget-divider\" data-id=\"001a96f\" data-element_type=\"widget\" data-widget_type=\"divider.default\">\n\t\t\t\t<div class=\"elementor-widget-container\">\n\t\t\t\t\t\t\t<div class=\"elementor-divider\">\n\t\t\t<span class=\"elementor-divider-separator\">\n\t\t\t\t\t\t\t<div class=\"elementor-icon elementor-divider__element\">\n\t\t\t\t\t<svg xmlns=\"http:\/\/www.w3.org\/2000\/svg\" xmlns:xlink=\"http:\/\/www.w3.org\/1999\/xlink\" id=\"Ebene_1\" x=\"0px\" y=\"0px\" viewbox=\"0 0 113.4 113.4\" style=\"enable-background:new 0 0 113.4 113.4;\" xml:space=\"preserve\"><style type=\"text\/css\">\t.st0{fill:#F29100;}<\/style><polygon class=\"st0\" points=\"2.4,2.8 110.5,2.8 110.5,110.8 80.4,80.6 49.8,111.4 2.2,63.7 31.8,35 \"><\/polygon><\/svg><\/div>\n\t\t\t\t\t\t<\/span>\n\t\t<\/div>\n\t\t\t\t\t\t<\/div>\n\t\t\t\t<\/div>\n\t\t\t\t\t<\/div>\n\t\t<\/div>\n\t\t\t\t\t<\/div>\n\t\t<\/section>\n\t\t\t\t<section class=\"elementor-section elementor-top-section elementor-element elementor-element-41370e5 elementor-section-boxed elementor-section-height-default elementor-section-height-default\" data-id=\"41370e5\" data-element_type=\"section\">\n\t\t\t\t\t\t<div class=\"elementor-container elementor-column-gap-default\">\n\t\t\t\t\t<div class=\"elementor-column elementor-col-100 elementor-top-column elementor-element elementor-element-c336740\" data-id=\"c336740\" data-element_type=\"column\">\n\t\t\t<div class=\"elementor-widget-wrap elementor-element-populated\">\n\t\t\t\t\t\t<div class=\"elementor-element elementor-element-4c6a249 elementor-widget elementor-widget-heading\" data-id=\"4c6a249\" data-element_type=\"widget\" data-widget_type=\"heading.default\">\n\t\t\t\t<div class=\"elementor-widget-container\">\n\t\t\t\t\t<h3 class=\"elementor-heading-title elementor-size-default\">Best practice<\/h3>\t\t\t\t<\/div>\n\t\t\t\t<\/div>\n\t\t\t\t\t<\/div>\n\t\t<\/div>\n\t\t\t\t\t<\/div>\n\t\t<\/section>\n\t\t\t\t<section class=\"elementor-section elementor-top-section elementor-element elementor-element-934f45a elementor-section-boxed elementor-section-height-default elementor-section-height-default\" data-id=\"934f45a\" data-element_type=\"section\">\n\t\t\t\t\t\t<div class=\"elementor-container elementor-column-gap-default\">\n\t\t\t\t\t<div class=\"elementor-column elementor-col-100 elementor-top-column elementor-element elementor-element-09bbfad\" data-id=\"09bbfad\" data-element_type=\"column\">\n\t\t\t<div class=\"elementor-widget-wrap elementor-element-populated\">\n\t\t\t\t\t\t<div class=\"elementor-element elementor-element-c805179 elementor-widget elementor-widget-text-editor\" data-id=\"c805179\" data-element_type=\"widget\" data-widget_type=\"text-editor.default\">\n\t\t\t\t<div class=\"elementor-widget-container\">\n\t\t\t\t\t\t\t\t\t<p>In 2019, the latest system for welding stiffening profiles onto deck panels from Held Systems was delivered. It is equipped with two welding heads, each with one 12 KW disc laser; it thus almost doubles the production capacity of previous systems.<\/p>\t\t\t\t\t\t\t\t<\/div>\n\t\t\t\t<\/div>\n\t\t\t\t\t<\/div>\n\t\t<\/div>\n\t\t\t\t\t<\/div>\n\t\t<\/section>\n\t\t\t\t<section class=\"elementor-section elementor-top-section elementor-element elementor-element-fe40289 elementor-section-boxed elementor-section-height-default elementor-section-height-default\" data-id=\"fe40289\" data-element_type=\"section\">\n\t\t\t\t\t\t<div class=\"elementor-container elementor-column-gap-default\">\n\t\t\t\t\t<div class=\"elementor-column elementor-col-33 elementor-top-column elementor-element elementor-element-c9b915c\" data-id=\"c9b915c\" data-element_type=\"column\">\n\t\t\t<div class=\"elementor-widget-wrap elementor-element-populated\">\n\t\t\t\t\t\t<div class=\"elementor-element elementor-element-d87aeab elementor-widget elementor-widget-image\" data-id=\"d87aeab\" data-element_type=\"widget\" data-widget_type=\"image.default\">\n\t\t\t\t<div class=\"elementor-widget-container\">\n\t\t\t\t\t\t\t\t\t\t\t\t\t\t\t<img loading=\"lazy\" decoding=\"async\" width=\"676\" height=\"449\" src=\"https:\/\/held-systems.com\/wp-content\/uploads\/2021\/05\/DSC0439-Large.jpg\" class=\"attachment-large size-large wp-image-632\" alt=\"\" srcset=\"https:\/\/held-systems.com\/wp-content\/uploads\/2021\/05\/DSC0439-Large.jpg 676w, https:\/\/held-systems.com\/wp-content\/uploads\/2021\/05\/DSC0439-Large-300x199.jpg 300w\" sizes=\"(max-width: 676px) 100vw, 676px\" \/>\t\t\t\t\t\t\t\t\t\t\t\t\t\t\t<\/div>\n\t\t\t\t<\/div>\n\t\t\t\t\t<\/div>\n\t\t<\/div>\n\t\t\t\t<div class=\"elementor-column elementor-col-33 elementor-top-column elementor-element elementor-element-ef2f4bc\" data-id=\"ef2f4bc\" data-element_type=\"column\">\n\t\t\t<div class=\"elementor-widget-wrap elementor-element-populated\">\n\t\t\t\t\t\t<div class=\"elementor-element elementor-element-d0904b9 elementor-widget elementor-widget-image\" data-id=\"d0904b9\" data-element_type=\"widget\" data-widget_type=\"image.default\">\n\t\t\t\t<div class=\"elementor-widget-container\">\n\t\t\t\t\t\t\t\t\t\t\t\t\t\t\t<img loading=\"lazy\" decoding=\"async\" width=\"1024\" height=\"680\" src=\"https:\/\/held-systems.com\/wp-content\/uploads\/2021\/06\/Meyer-Werft-2-1024x680.jpg\" class=\"attachment-large size-large wp-image-1280\" alt=\"\" srcset=\"https:\/\/held-systems.com\/wp-content\/uploads\/2021\/06\/Meyer-Werft-2-1024x680.jpg 1024w, https:\/\/held-systems.com\/wp-content\/uploads\/2021\/06\/Meyer-Werft-2-300x199.jpg 300w, https:\/\/held-systems.com\/wp-content\/uploads\/2021\/06\/Meyer-Werft-2-768x510.jpg 768w, https:\/\/held-systems.com\/wp-content\/uploads\/2021\/06\/Meyer-Werft-2-16x12.jpg 16w, https:\/\/held-systems.com\/wp-content\/uploads\/2021\/06\/Meyer-Werft-2.jpg 2048w\" sizes=\"(max-width: 1024px) 100vw, 1024px\" \/>\t\t\t\t\t\t\t\t\t\t\t\t\t\t\t<\/div>\n\t\t\t\t<\/div>\n\t\t\t\t\t<\/div>\n\t\t<\/div>\n\t\t\t\t<div class=\"elementor-column elementor-col-33 elementor-top-column elementor-element elementor-element-1035b17\" data-id=\"1035b17\" data-element_type=\"column\">\n\t\t\t<div class=\"elementor-widget-wrap elementor-element-populated\">\n\t\t\t\t\t\t<div class=\"elementor-element elementor-element-f6d200f elementor-widget elementor-widget-image\" data-id=\"f6d200f\" data-element_type=\"widget\" data-widget_type=\"image.default\">\n\t\t\t\t<div class=\"elementor-widget-container\">\n\t\t\t\t\t\t\t\t\t\t\t\t\t\t\t<img loading=\"lazy\" decoding=\"async\" width=\"676\" height=\"449\" src=\"https:\/\/held-systems.com\/wp-content\/uploads\/2021\/05\/DSC0442-Large.jpg\" class=\"attachment-large size-large wp-image-633\" alt=\"\" srcset=\"https:\/\/held-systems.com\/wp-content\/uploads\/2021\/05\/DSC0442-Large.jpg 676w, https:\/\/held-systems.com\/wp-content\/uploads\/2021\/05\/DSC0442-Large-300x199.jpg 300w\" sizes=\"(max-width: 676px) 100vw, 676px\" \/>\t\t\t\t\t\t\t\t\t\t\t\t\t\t\t<\/div>\n\t\t\t\t<\/div>\n\t\t\t\t\t<\/div>\n\t\t<\/div>\n\t\t\t\t\t<\/div>\n\t\t<\/section>\n\t\t\t\t<\/div>","protected":false},"excerpt":{"rendered":"<p>Held Systems fertigt Schwei\u00dfsysteme f\u00fcr die Produktion von u. a. Elektroden f\u00fcr die Herstellung von gr\u00fcnem Wasserstoff Tailored Blanks Tairlored Profiles\/Beams W\u00e4rmetauscherplatten Bauteile f\u00fcr den Schienenfahrzeugbau und die Automobilindustrie Au\u00dfenhautteile f\u00fcr Flugzeuge (Fuselage) Best practice In 2019 wurde das neueste System f\u00fcr das Aufschwei\u00dfen von Versteifungsprofilen auf Deckspaneele von Held Systems ausgeliefert. Es ist mit [&hellip;]<\/p>","protected":false},"author":2,"featured_media":0,"parent":116,"menu_order":0,"comment_status":"closed","ping_status":"closed","template":"elementor_header_footer","meta":{"site-sidebar-layout":"no-sidebar","site-content-layout":"page-builder","ast-site-content-layout":"default","site-content-style":"default","site-sidebar-style":"default","ast-global-header-display":"","ast-banner-title-visibility":"","ast-main-header-display":"","ast-hfb-above-header-display":"","ast-hfb-below-header-display":"","ast-hfb-mobile-header-display":"","site-post-title":"disabled","ast-breadcrumbs-content":"","ast-featured-img":"disabled","footer-sml-layout":"","ast-disable-related-posts":"","theme-transparent-header-meta":"default","adv-header-id-meta":"","stick-header-meta":"","header-above-stick-meta":"","header-main-stick-meta":"","header-below-stick-meta":"","astra-migrate-meta-layouts":"default","ast-page-background-enabled":"default","ast-page-background-meta":{"desktop":{"background-color":"","background-image":"","background-repeat":"repeat","background-position":"center center","background-size":"auto","background-attachment":"scroll","background-type":"","background-media":"","overlay-type":"","overlay-color":"","overlay-opacity":"","overlay-gradient":""},"tablet":{"background-color":"","background-image":"","background-repeat":"repeat","background-position":"center center","background-size":"auto","background-attachment":"scroll","background-type":"","background-media":"","overlay-type":"","overlay-color":"","overlay-opacity":"","overlay-gradient":""},"mobile":{"background-color":"","background-image":"","background-repeat":"repeat","background-position":"center center","background-size":"auto","background-attachment":"scroll","background-type":"","background-media":"","overlay-type":"","overlay-color":"","overlay-opacity":"","overlay-gradient":""}},"ast-content-background-meta":{"desktop":{"background-color":"var(--ast-global-color-5)","background-image":"","background-repeat":"repeat","background-position":"center center","background-size":"auto","background-attachment":"scroll","background-type":"","background-media":"","overlay-type":"","overlay-color":"","overlay-opacity":"","overlay-gradient":""},"tablet":{"background-color":"var(--ast-global-color-5)","background-image":"","background-repeat":"repeat","background-position":"center center","background-size":"auto","background-attachment":"scroll","background-type":"","background-media":"","overlay-type":"","overlay-color":"","overlay-opacity":"","overlay-gradient":""},"mobile":{"background-color":"var(--ast-global-color-5)","background-image":"","background-repeat":"repeat","background-position":"center center","background-size":"auto","background-attachment":"scroll","background-type":"","background-media":"","overlay-type":"","overlay-color":"","overlay-opacity":"","overlay-gradient":""}},"footnotes":""},"class_list":["post-190","page","type-page","status-publish","hentry"],"_links":{"self":[{"href":"https:\/\/held-systems.com\/en\/wp-json\/wp\/v2\/pages\/190","targetHints":{"allow":["GET"]}}],"collection":[{"href":"https:\/\/held-systems.com\/en\/wp-json\/wp\/v2\/pages"}],"about":[{"href":"https:\/\/held-systems.com\/en\/wp-json\/wp\/v2\/types\/page"}],"author":[{"embeddable":true,"href":"https:\/\/held-systems.com\/en\/wp-json\/wp\/v2\/users\/2"}],"replies":[{"embeddable":true,"href":"https:\/\/held-systems.com\/en\/wp-json\/wp\/v2\/comments?post=190"}],"version-history":[{"count":65,"href":"https:\/\/held-systems.com\/en\/wp-json\/wp\/v2\/pages\/190\/revisions"}],"predecessor-version":[{"id":1867,"href":"https:\/\/held-systems.com\/en\/wp-json\/wp\/v2\/pages\/190\/revisions\/1867"}],"up":[{"embeddable":true,"href":"https:\/\/held-systems.com\/en\/wp-json\/wp\/v2\/pages\/116"}],"wp:attachment":[{"href":"https:\/\/held-systems.com\/en\/wp-json\/wp\/v2\/media?parent=190"}],"curies":[{"name":"wp","href":"https:\/\/api.w.org\/{rel}","templated":true}]}}