{"id":1430,"date":"2021-06-18T10:17:52","date_gmt":"2021-06-18T08:17:52","guid":{"rendered":"https:\/\/held-systems.com\/?page_id=1430"},"modified":"2024-11-19T11:51:06","modified_gmt":"2024-11-19T10:51:06","slug":"jobs","status":"publish","type":"page","link":"https:\/\/held-systems.com\/en\/jobs\/","title":{"rendered":"Jobs"},"content":{"rendered":"<div data-elementor-type=\"wp-page\" data-elementor-id=\"1430\" class=\"elementor elementor-1430\" data-elementor-post-type=\"page\">\n\t\t\t\t\t\t<section class=\"elementor-section elementor-top-section elementor-element elementor-element-e29a00b elementor-section-full_width elementor-section-stretched elementor-section-height-default elementor-section-height-default\" data-id=\"e29a00b\" data-element_type=\"section\" data-settings=\"{&quot;stretch_section&quot;:&quot;section-stretched&quot;}\">\n\t\t\t\t\t\t<div class=\"elementor-container elementor-column-gap-default\">\n\t\t\t\t\t<div class=\"elementor-column elementor-col-100 elementor-top-column elementor-element elementor-element-e5cca85\" data-id=\"e5cca85\" data-element_type=\"column\">\n\t\t\t<div class=\"elementor-widget-wrap elementor-element-populated\">\n\t\t\t\t\t\t<div class=\"elementor-element elementor-element-9bb1266 elementor--v-position-bottom elementor--h-position-center elementor-arrows-position-inside elementor-pagination-position-inside elementor-widget elementor-widget-slides\" data-id=\"9bb1266\" data-element_type=\"widget\" data-settings=\"{&quot;navigation&quot;:&quot;both&quot;,&quot;autoplay&quot;:&quot;yes&quot;,&quot;pause_on_hover&quot;:&quot;yes&quot;,&quot;pause_on_interaction&quot;:&quot;yes&quot;,&quot;autoplay_speed&quot;:5000,&quot;infinite&quot;:&quot;yes&quot;,&quot;transition&quot;:&quot;slide&quot;,&quot;transition_speed&quot;:500}\" data-widget_type=\"slides.default\">\n\t\t\t\t<div class=\"elementor-widget-container\">\n\t\t\t\t\t\t\t\t\t<div class=\"elementor-swiper\">\n\t\t\t\t\t<div class=\"elementor-slides-wrapper elementor-main-swiper swiper\" role=\"region\" aria-roledescription=\"carousel\" aria-label=\"Slides\" dir=\"ltr\" data-animation=\"fadeInUp\">\n\t\t\t\t<div class=\"swiper-wrapper elementor-slides\">\n\t\t\t\t\t\t\t\t\t\t<div class=\"elementor-repeater-item-a2ffa03 swiper-slide\" role=\"group\" aria-roledescription=\"slide\"><div class=\"swiper-slide-bg\" role=\"img\"><\/div><div class=\"swiper-slide-inner\" ><div class=\"swiper-slide-contents\"><\/div><\/div><\/div>\t\t\t\t<\/div>\n\t\t\t\t\t\t\t<\/div>\n\t\t\t\t<\/div>\n\t\t\t\t\t\t\t\t<\/div>\n\t\t\t\t<\/div>\n\t\t\t\t\t<\/div>\n\t\t<\/div>\n\t\t\t\t\t<\/div>\n\t\t<\/section>\n\t\t\t\t<section class=\"elementor-section elementor-top-section elementor-element elementor-element-e87cc59 elementor-section-boxed elementor-section-height-default elementor-section-height-default\" data-id=\"e87cc59\" data-element_type=\"section\">\n\t\t\t\t\t\t<div class=\"elementor-container elementor-column-gap-default\">\n\t\t\t\t\t<div class=\"elementor-column elementor-col-100 elementor-top-column elementor-element elementor-element-b9e96d3\" data-id=\"b9e96d3\" data-element_type=\"column\">\n\t\t\t<div class=\"elementor-widget-wrap elementor-element-populated\">\n\t\t\t\t\t\t<div class=\"elementor-element elementor-element-8fc304b elementor-widget-divider--view-line_icon elementor-view-default elementor-widget-divider--element-align-center elementor-widget elementor-widget-divider\" data-id=\"8fc304b\" data-element_type=\"widget\" data-widget_type=\"divider.default\">\n\t\t\t\t<div class=\"elementor-widget-container\">\n\t\t\t\t\t\t\t<div class=\"elementor-divider\">\n\t\t\t<span class=\"elementor-divider-separator\">\n\t\t\t\t\t\t\t<div class=\"elementor-icon elementor-divider__element\">\n\t\t\t\t\t<svg xmlns=\"http:\/\/www.w3.org\/2000\/svg\" xmlns:xlink=\"http:\/\/www.w3.org\/1999\/xlink\" id=\"Ebene_1\" x=\"0px\" y=\"0px\" viewbox=\"0 0 113.4 113.4\" style=\"enable-background:new 0 0 113.4 113.4;\" xml:space=\"preserve\"><style type=\"text\/css\">\t.st0{fill:#F29100;}<\/style><polygon class=\"st0\" points=\"2.4,2.8 110.5,2.8 110.5,110.8 80.4,80.6 49.8,111.4 2.2,63.7 31.8,35 \"><\/polygon><\/svg><\/div>\n\t\t\t\t\t\t<\/span>\n\t\t<\/div>\n\t\t\t\t\t\t<\/div>\n\t\t\t\t<\/div>\n\t\t\t\t\t<\/div>\n\t\t<\/div>\n\t\t\t\t\t<\/div>\n\t\t<\/section>\n\t\t\t\t<section class=\"elementor-section elementor-top-section elementor-element elementor-element-fb98975 elementor-section-boxed elementor-section-height-default elementor-section-height-default\" data-id=\"fb98975\" data-element_type=\"section\">\n\t\t\t\t\t\t<div class=\"elementor-container elementor-column-gap-default\">\n\t\t\t\t\t<div class=\"elementor-column elementor-col-100 elementor-top-column elementor-element elementor-element-0b0bec9\" data-id=\"0b0bec9\" data-element_type=\"column\">\n\t\t\t<div class=\"elementor-widget-wrap elementor-element-populated\">\n\t\t\t\t\t\t<div class=\"elementor-element elementor-element-519238e elementor-widget elementor-widget-heading\" data-id=\"519238e\" data-element_type=\"widget\" data-widget_type=\"heading.default\">\n\t\t\t\t<div class=\"elementor-widget-container\">\n\t\t\t\t\t<h3 class=\"elementor-heading-title elementor-size-default\">We\u2019re looking for you!<\/h3>\t\t\t\t<\/div>\n\t\t\t\t<\/div>\n\t\t\t\t\t<\/div>\n\t\t<\/div>\n\t\t\t\t\t<\/div>\n\t\t<\/section>\n\t\t\t\t<section class=\"elementor-section elementor-top-section elementor-element elementor-element-688a0b4 elementor-section-boxed elementor-section-height-default elementor-section-height-default\" data-id=\"688a0b4\" data-element_type=\"section\">\n\t\t\t\t\t\t<div class=\"elementor-container elementor-column-gap-default\">\n\t\t\t\t\t<div class=\"elementor-column elementor-col-100 elementor-top-column elementor-element elementor-element-cbd4ad0\" data-id=\"cbd4ad0\" data-element_type=\"column\">\n\t\t\t<div class=\"elementor-widget-wrap elementor-element-populated\">\n\t\t\t\t\t\t<div class=\"elementor-element elementor-element-4526c99 elementor-widget elementor-widget-text-editor\" data-id=\"4526c99\" data-element_type=\"widget\" data-widget_type=\"text-editor.default\">\n\t\t\t\t<div class=\"elementor-widget-container\">\n\t\t\t\t\t\t\t\t\t<p>Die Held Systems GmbH ist ein seit u\u0308ber 40 Jahren weltweit t\u00e4tiger Hersteller von Sondermaschinen mit Lasersystemen. Ein hoher technischer Innovationsstand und die intensive Zusammenarbeit mit Forschungsinstituten sind die Basis unserer Kompetenz. Der Schwerpunkt unserer gesch\u00e4ftlichen Aktivit\u00e4ten liegt auf kundenspezifischen Anlagen und Sondermaschinen. Held Systems GmbH l\u00f6st Fertigungsprobleme im Bereich Schneiden, Schwei\u00dfen und Beschichten und liefert Anlagen die Kunden weltweit zu entscheidenden Wettbewerbsvorteilen verhelfen. In unserem Firmensitz in Dietzenbach entwickeln und montieren wir Sondermaschinen und unterstu\u0308tzen unsere Kunden bei deren Betrieb mit exzellentem Service.<\/p>\t\t\t\t\t\t\t\t<\/div>\n\t\t\t\t<\/div>\n\t\t\t\t\t<\/div>\n\t\t<\/div>\n\t\t\t\t\t<\/div>\n\t\t<\/section>\n\t\t\t\t<section class=\"elementor-section elementor-top-section elementor-element elementor-element-efcffc8 elementor-section-boxed elementor-section-height-default elementor-section-height-default\" data-id=\"efcffc8\" data-element_type=\"section\">\n\t\t\t\t\t\t<div class=\"elementor-container elementor-column-gap-default\">\n\t\t\t\t\t<div class=\"elementor-column elementor-col-50 elementor-top-column elementor-element elementor-element-ebe4df0\" data-id=\"ebe4df0\" data-element_type=\"column\">\n\t\t\t<div class=\"elementor-widget-wrap elementor-element-populated\">\n\t\t\t\t\t\t<div class=\"elementor-element elementor-element-c65aaba elementor-widget elementor-widget-accordion\" data-id=\"c65aaba\" data-element_type=\"widget\" data-widget_type=\"accordion.default\">\n\t\t\t\t<div class=\"elementor-widget-container\">\n\t\t\t\t\t\t\t<div class=\"elementor-accordion\">\n\t\t\t\t\t\t\t<div class=\"elementor-accordion-item\">\n\t\t\t\t\t<div id=\"elementor-tab-title-2071\" class=\"elementor-tab-title\" data-tab=\"1\" role=\"button\" aria-controls=\"elementor-tab-content-2071\" aria-expanded=\"false\">\n\t\t\t\t\t\t\t\t\t\t\t\t\t<span class=\"elementor-accordion-icon elementor-accordion-icon-right\" aria-hidden=\"true\">\n\t\t\t\t\t\t\t\t\t\t\t\t\t\t\t<span class=\"elementor-accordion-icon-closed\"><i class=\"fas fa-caret-down\"><\/i><\/span>\n\t\t\t\t\t\t\t\t<span class=\"elementor-accordion-icon-opened\"><i class=\"fas fa-caret-up\"><\/i><\/span>\n\t\t\t\t\t\t\t\t\t\t\t\t\t\t<\/span>\n\t\t\t\t\t\t\t\t\t\t\t\t<a class=\"elementor-accordion-title\" tabindex=\"0\">Industriemechaniker m\/w\/d oder Mechatroniker m\/w\/d oder vgl. Ausbildung<\/a>\n\t\t\t\t\t<\/div>\n\t\t\t\t\t<div id=\"elementor-tab-content-2071\" class=\"elementor-tab-content elementor-clearfix\" data-tab=\"1\" role=\"region\" aria-labelledby=\"elementor-tab-title-2071\"><p>We are looking for highly motivated employees to support our innovative development projects and to help us meet the high demand for our current products. We offer you challenging, creative tasks and development opportunities. As a member of our global team, you will be involved in the assembly and commissioning of special machines as well as in our production and service.\u00a0<\/p><p>Your tasks:<\/p><ul><li>Montage der Komponenten unserer Maschinen nachtechnischer Dokumentation<\/li><li>testing of special machines according to relevant standards and regulations<\/li><li>preparation of the necessary documentation for quality management<\/li><li><div>commissioning in house and at our customers\u2019 premises<\/div><\/li><li>repair, inspection, and maintenance work<\/li><\/ul><p>Your profile:<\/p><ul><li>Abgeschlossene Ausbildung zum Industriemechaniker m\/w\/d oder Mechatroniker m\/w\/d oder eine vgl. Ausbildung<\/li><li>Kenntnisse im Lesen von technischen Zeichnungen und Pneumatikpl\u00e4nen<\/li><li>distinct systematic and independent way of working<\/li><\/ul><p>What you can expect from us:<\/p><ul><li>a positive working atmosphere in a successful team<\/li><li>the opportunity to quickly take on responsibility in projects<\/li><li><span style=\"font-size: 16px;\">the possibility of international business trips<\/span><\/li><li>flexible working time models<\/li><\/ul><p><span style=\"font-size: 17px;\"><strong>Please send your application to:<\/strong>\u00a0<br \/><\/span><span style=\"font-size: 17px;\">HELD SYSTEMS GmbH<br \/><\/span><span style=\"font-size: 17px;\">Marie-Curie-Str. 9<br \/><\/span><span style=\"font-size: 17px;\">63128 Dietzenbach<br \/><\/span><span style=\"font-size: 17px;\">Email: <a href=\"mailto:stefanie.hofer@held-systems.com\">stefanie.hofer@held-systems.com<\/a><br \/><\/span>Bewerben Sie sich jetzt! F\u00fcr R\u00fcckfragen steht Ihnen Frau Hofer gerne zur Verf\u00fcgung<\/p><p>We look forward to receiving your application.<\/p><\/div>\n\t\t\t\t<\/div>\n\t\t\t\t\t\t\t<div class=\"elementor-accordion-item\">\n\t\t\t\t\t<div id=\"elementor-tab-title-2072\" class=\"elementor-tab-title\" data-tab=\"2\" role=\"button\" aria-controls=\"elementor-tab-content-2072\" aria-expanded=\"false\">\n\t\t\t\t\t\t\t\t\t\t\t\t\t<span class=\"elementor-accordion-icon elementor-accordion-icon-right\" aria-hidden=\"true\">\n\t\t\t\t\t\t\t\t\t\t\t\t\t\t\t<span class=\"elementor-accordion-icon-closed\"><i class=\"fas fa-caret-down\"><\/i><\/span>\n\t\t\t\t\t\t\t\t<span class=\"elementor-accordion-icon-opened\"><i class=\"fas fa-caret-up\"><\/i><\/span>\n\t\t\t\t\t\t\t\t\t\t\t\t\t\t<\/span>\n\t\t\t\t\t\t\t\t\t\t\t\t<a class=\"elementor-accordion-title\" tabindex=\"0\">Software developer with focus on C++<\/a>\n\t\t\t\t\t<\/div>\n\t\t\t\t\t<div id=\"elementor-tab-content-2072\" class=\"elementor-tab-content elementor-clearfix\" data-tab=\"2\" role=\"region\" aria-labelledby=\"elementor-tab-title-2072\"><p>We are looking for highly motivated employees to support our innovative development projects and to help us meet the high demand for our current products. We offer you challenging, creative tasks and development opportunities. As a member of our global team, you will be involved in the architectural design, conception, specification, implementation, and commissioning of special machines.<\/p><p>Your tasks:<\/p><ul><li>software development using C++\/Qt<\/li><li>re-design of applications in the area of CAD\/CAM<\/li><li>revision and analysis of control applications<\/li><\/ul><p>Your profile:<\/p><ul><li>degree in computer science\/media informatics or comparable<\/li><li>several years of professional experience in project planning and realisation of software projects in an industrial environment<\/li><li>sound knowledge in the area of object-oriented analysis\/design<\/li><li>ideally experience with the Qt framework<\/li><li>in-depth knowledge of unit testing<\/li><li>knowledge of Delphi advantageous<\/li><li>good command of English<\/li><\/ul><p>What you can expect from us:<\/p><ul><li>a positive working atmosphere in a successful team<\/li><li>the opportunity to quickly take on responsibility in projects<\/li><li>flexible working time models and the possibility of working remotely<\/li><\/ul><p><span style=\"font-size: 17px;\"><strong>Please send your application to:<\/strong>\u00a0<br \/><\/span><span style=\"font-size: 17px;\">HELD SYSTEMS GmbH<br \/><\/span><span style=\"font-size: 17px;\">Marie-Curie-Str. 9<br \/><\/span><span style=\"font-size: 17px;\">63128 Dietzenbach<br \/><\/span><span style=\"font-size: 17px;\">Email: <a href=\"mailto:stefanie.hofer@held-systems.com\">stefanie.hofer@held-systems.com<\/a><br \/><\/span><b>Please send digital applications combined in a single PDF file.<\/b><\/p><p>We look forward to receiving your application.<\/p><\/div>\n\t\t\t\t<\/div>\n\t\t\t\t\t\t\t<div class=\"elementor-accordion-item\">\n\t\t\t\t\t<div id=\"elementor-tab-title-2073\" class=\"elementor-tab-title\" data-tab=\"3\" role=\"button\" aria-controls=\"elementor-tab-content-2073\" aria-expanded=\"false\">\n\t\t\t\t\t\t\t\t\t\t\t\t\t<span class=\"elementor-accordion-icon elementor-accordion-icon-right\" aria-hidden=\"true\">\n\t\t\t\t\t\t\t\t\t\t\t\t\t\t\t<span class=\"elementor-accordion-icon-closed\"><i class=\"fas fa-caret-down\"><\/i><\/span>\n\t\t\t\t\t\t\t\t<span class=\"elementor-accordion-icon-opened\"><i class=\"fas fa-caret-up\"><\/i><\/span>\n\t\t\t\t\t\t\t\t\t\t\t\t\t\t<\/span>\n\t\t\t\t\t\t\t\t\t\t\t\t<a class=\"elementor-accordion-title\" tabindex=\"0\">State-certified technician specialising in energy technology and process automation or comparable training<\/a>\n\t\t\t\t\t<\/div>\n\t\t\t\t\t<div id=\"elementor-tab-content-2073\" class=\"elementor-tab-content elementor-clearfix\" data-tab=\"3\" role=\"region\" aria-labelledby=\"elementor-tab-title-2073\"><p>We are looking for highly motivated employees to support our innovative development projects and to help us meet the high demand for our current products. We offer you challenging, creative tasks and development opportunities. As a member of our global team, you will be involved in the design, assembly, and commissioning of special machines and the documentation of these in our production.<\/p><p>Your tasks:<\/p><ul><li>planning of the electronic components of special machines in cooperation with the design department and external partners<\/li><li>creation of circuit diagrams and parts lists<\/li><li>collaboration in the procurement of electronic components for our machines<\/li><li>planning and supervision of the assembly of electrical components, in particular drive components and sensors of special machines according to technical documentation<\/li><li>testing of special machines according to relevant standards and regulations<\/li><li>responsibility for the necessary documentation for quality management<\/li><li>capacity planning as well as leadership and development of staff in the assigned team<\/li><\/ul><p>Your profile:<\/p><ul><li>training as a mechatronics technician, electronics technician in automation technology, or machine and drive technology or a comparable training course and subsequent training as a technician (e.g. focus on energy technology and process automation)<\/li><li>several years of professional experience in one of the above areas<\/li><li>ideally knowledge of Siemens 840 and Beckhoff controllers<\/li><li>distinct systematic and independent way of working<\/li><li>experience in working in projects and in leading teams with professional responsibility<\/li><\/ul><p>What you can expect from us:<\/p><ul><li>a positive working atmosphere in a successful team<\/li><li>the opportunity to take on responsibility and actively shape your working environment<\/li><li>flexible working time models<\/li><\/ul><p><span style=\"font-size: 17px;\"><strong>Please send your application to:<\/strong>\u00a0<br \/><\/span><span style=\"font-size: 17px;\">HELD SYSTEMS GmbH<br \/><\/span><span style=\"font-size: 17px;\">Marie-Curie-Str. 9<br \/><\/span><span style=\"font-size: 17px;\">63128 Dietzenbach<br \/><\/span><span style=\"font-size: 17px;\">Email: <a href=\"mailto:stefanie.hofer@held-systems.com\">stefanie.hofer@held-systems.com<\/a><br \/><\/span><b>Please send digital applications combined in a single PDF file.<\/b><\/p><p>We look forward to receiving your application.<\/p><\/div>\n\t\t\t\t<\/div>\n\t\t\t\t\t\t\t<div class=\"elementor-accordion-item\">\n\t\t\t\t\t<div id=\"elementor-tab-title-2074\" class=\"elementor-tab-title\" data-tab=\"4\" role=\"button\" aria-controls=\"elementor-tab-content-2074\" aria-expanded=\"false\">\n\t\t\t\t\t\t\t\t\t\t\t\t\t<span class=\"elementor-accordion-icon elementor-accordion-icon-right\" aria-hidden=\"true\">\n\t\t\t\t\t\t\t\t\t\t\t\t\t\t\t<span class=\"elementor-accordion-icon-closed\"><i class=\"fas fa-caret-down\"><\/i><\/span>\n\t\t\t\t\t\t\t\t<span class=\"elementor-accordion-icon-opened\"><i class=\"fas fa-caret-up\"><\/i><\/span>\n\t\t\t\t\t\t\t\t\t\t\t\t\t\t<\/span>\n\t\t\t\t\t\t\t\t\t\t\t\t<a class=\"elementor-accordion-title\" tabindex=\"0\">Control technician in industrial control technology<\/a>\n\t\t\t\t\t<\/div>\n\t\t\t\t\t<div id=\"elementor-tab-content-2074\" class=\"elementor-tab-content elementor-clearfix\" data-tab=\"4\" role=\"region\" aria-labelledby=\"elementor-tab-title-2074\"><p>We are looking for highly motivated employees to support our innovative development projects and to help us meet the high demand for our current products. We offer you challenging, creative tasks and development opportunities. As a member of our global team, you will be involved in the architectural design, conception, specification, implementation, and commissioning of special machines. We are specifically looking for applicants with professional experience as well as committed graduates.<\/p><p>Your tasks:<\/p><ul><li>development and planning of control concepts in special machine construction<\/li><li>design, development, and adaptation of control solutions (PLC\/HMI\/Motion)<\/li><li>commissioning of the systems in-house and at the customer\u2019s premises<\/li><li>troubleshooting and optimisation<\/li><\/ul><p>Your profile:<\/p><ul><li>university\/technical college degree (e.g. electrical engineering\/automation technology) or a comparable qualification<\/li><li>sound knowledge in the planning, implementation, and commissioning of projects with Beckhoff control technology<\/li><li>knowledge in the programming of Siemens 840 controls as well as experience in the development of circuit diagrams desirable<\/li><li>Tools\/software: Beckhoff PLC\/CNC, Siemens 840D, Sinumerik<\/li><li>good command of English and willingness to work for our customers worldwide<\/li><li>distinct analytical, systematic, and independent way of working<\/li><\/ul><p>What you can expect from us:<\/p><ul><li>a positive working atmosphere in a successful team<\/li><li>the opportunity to quickly take on responsibility in projects<\/li><li>flexible working time models and the possibility of working remotely<\/li><\/ul><p><span style=\"font-size: 17px;\"><strong>Please send your application to:<\/strong>\u00a0<br \/><\/span><span style=\"font-size: 17px;\">HELD SYSTEMS GmbH<br \/><\/span><span style=\"font-size: 17px;\">Marie-Curie-Str. 9<br \/>63128 Dietzenbach<br \/><\/span><span style=\"font-size: 17px;\">Email: <a href=\"mailto:stefanie.hofer@held-systems.com\">stefanie.hofer@held-systems.com<\/a><br \/><\/span><b>Please send digital applications combined in a single PDF file.<\/b><\/p><p><span style=\"font-size: 17px;\">We look forward to receiving your application.<\/span><\/p><\/div>\n\t\t\t\t<\/div>\n\t\t\t\t\t\t\t\t<\/div>\n\t\t\t\t\t\t<\/div>\n\t\t\t\t<\/div>\n\t\t\t\t\t<\/div>\n\t\t<\/div>\n\t\t\t\t<div class=\"elementor-column elementor-col-50 elementor-top-column elementor-element elementor-element-bbc54ab\" data-id=\"bbc54ab\" data-element_type=\"column\">\n\t\t\t<div class=\"elementor-widget-wrap elementor-element-populated\">\n\t\t\t\t\t\t<section class=\"elementor-section elementor-inner-section elementor-element elementor-element-216a133 elementor-section-boxed elementor-section-height-default elementor-section-height-default\" data-id=\"216a133\" data-element_type=\"section\">\n\t\t\t\t\t\t<div class=\"elementor-container elementor-column-gap-default\">\n\t\t\t\t\t<div class=\"elementor-column elementor-col-100 elementor-inner-column elementor-element elementor-element-0348d7e\" data-id=\"0348d7e\" data-element_type=\"column\">\n\t\t\t<div class=\"elementor-widget-wrap elementor-element-populated\">\n\t\t\t\t\t\t<div class=\"elementor-element elementor-element-ff26f27 elementor-widget elementor-widget-heading\" data-id=\"ff26f27\" data-element_type=\"widget\" data-widget_type=\"heading.default\">\n\t\t\t\t<div class=\"elementor-widget-container\">\n\t\t\t\t\t<h2 class=\"elementor-heading-title elementor-size-default\">Ihre Ansprechpartnerin<\/h2>\t\t\t\t<\/div>\n\t\t\t\t<\/div>\n\t\t\t\t<div class=\"elementor-element elementor-element-0913b0a elementor-widget elementor-widget-text-editor\" data-id=\"0913b0a\" data-element_type=\"widget\" data-widget_type=\"text-editor.default\">\n\t\t\t\t<div class=\"elementor-widget-container\">\n\t\t\t\t\t\t\t\t\t<p>Frau Stefanie Hofer<\/p><p>HELD SYSTEMS GmbH<br \/>Marie-Curie-Str. 9<br \/>63128 Dietzenbach<br \/>Phone +49 6104 6648-0<br \/>Fax +49 6104 6648-20<br \/>Email: <span style=\"font-size: 17px;\"><a href=\"mailto:stefanie.hofer@held-systems.com\">stefanie.hofer@held-systems.com<\/a><\/span><\/p>\t\t\t\t\t\t\t\t<\/div>\n\t\t\t\t<\/div>\n\t\t\t\t\t<\/div>\n\t\t<\/div>\n\t\t\t\t\t<\/div>\n\t\t<\/section>\n\t\t\t\t\t<\/div>\n\t\t<\/div>\n\t\t\t\t\t<\/div>\n\t\t<\/section>\n\t\t\t\t<section class=\"elementor-section elementor-top-section elementor-element elementor-element-1f47374 elementor-section-boxed elementor-section-height-default elementor-section-height-default\" data-id=\"1f47374\" data-element_type=\"section\">\n\t\t\t\t\t\t<div class=\"elementor-container elementor-column-gap-default\">\n\t\t\t\t\t<div class=\"elementor-column elementor-col-100 elementor-top-column elementor-element elementor-element-0b1bb60\" data-id=\"0b1bb60\" data-element_type=\"column\">\n\t\t\t<div class=\"elementor-widget-wrap\">\n\t\t\t\t\t\t\t<\/div>\n\t\t<\/div>\n\t\t\t\t\t<\/div>\n\t\t<\/section>\n\t\t\t\t<\/div>","protected":false},"excerpt":{"rendered":"<p>Wir suchen Sie! Die Held Systems GmbH ist ein seit u\u0308ber 40 Jahren weltweit t\u00e4tiger Hersteller von Sondermaschinen mit Lasersystemen. Ein hoher technischer Innovationsstand und die intensive Zusammenarbeit mit Forschungsinstituten sind die Basis unserer Kompetenz. Der Schwerpunkt unserer gesch\u00e4ftlichen Aktivit\u00e4ten liegt auf kundenspezifischen Anlagen und Sondermaschinen. Held Systems GmbH l\u00f6st Fertigungsprobleme im Bereich Schneiden, Schwei\u00dfen [&hellip;]<\/p>","protected":false},"author":2,"featured_media":0,"parent":0,"menu_order":0,"comment_status":"closed","ping_status":"closed","template":"elementor_header_footer","meta":{"site-sidebar-layout":"no-sidebar","site-content-layout":"page-builder","ast-site-content-layout":"default","site-content-style":"default","site-sidebar-style":"default","ast-global-header-display":"","ast-banner-title-visibility":"","ast-main-header-display":"","ast-hfb-above-header-display":"","ast-hfb-below-header-display":"","ast-hfb-mobile-header-display":"","site-post-title":"disabled","ast-breadcrumbs-content":"","ast-featured-img":"disabled","footer-sml-layout":"","ast-disable-related-posts":"","theme-transparent-header-meta":"default","adv-header-id-meta":"","stick-header-meta":"","header-above-stick-meta":"","header-main-stick-meta":"","header-below-stick-meta":"","astra-migrate-meta-layouts":"default","ast-page-background-enabled":"default","ast-page-background-meta":{"desktop":{"background-color":"","background-image":"","background-repeat":"repeat","background-position":"center center","background-size":"auto","background-attachment":"scroll","background-type":"","background-media":"","overlay-type":"","overlay-color":"","overlay-opacity":"","overlay-gradient":""},"tablet":{"background-color":"","background-image":"","background-repeat":"repeat","background-position":"center center","background-size":"auto","background-attachment":"scroll","background-type":"","background-media":"","overlay-type":"","overlay-color":"","overlay-opacity":"","overlay-gradient":""},"mobile":{"background-color":"","background-image":"","background-repeat":"repeat","background-position":"center center","background-size":"auto","background-attachment":"scroll","background-type":"","background-media":"","overlay-type":"","overlay-color":"","overlay-opacity":"","overlay-gradient":""}},"ast-content-background-meta":{"desktop":{"background-color":"var(--ast-global-color-5)","background-image":"","background-repeat":"repeat","background-position":"center center","background-size":"auto","background-attachment":"scroll","background-type":"","background-media":"","overlay-type":"","overlay-color":"","overlay-opacity":"","overlay-gradient":""},"tablet":{"background-color":"var(--ast-global-color-5)","background-image":"","background-repeat":"repeat","background-position":"center center","background-size":"auto","background-attachment":"scroll","background-type":"","background-media":"","overlay-type":"","overlay-color":"","overlay-opacity":"","overlay-gradient":""},"mobile":{"background-color":"var(--ast-global-color-5)","background-image":"","background-repeat":"repeat","background-position":"center center","background-size":"auto","background-attachment":"scroll","background-type":"","background-media":"","overlay-type":"","overlay-color":"","overlay-opacity":"","overlay-gradient":""}},"footnotes":""},"class_list":["post-1430","page","type-page","status-publish","hentry"],"_links":{"self":[{"href":"https:\/\/held-systems.com\/en\/wp-json\/wp\/v2\/pages\/1430","targetHints":{"allow":["GET"]}}],"collection":[{"href":"https:\/\/held-systems.com\/en\/wp-json\/wp\/v2\/pages"}],"about":[{"href":"https:\/\/held-systems.com\/en\/wp-json\/wp\/v2\/types\/page"}],"author":[{"embeddable":true,"href":"https:\/\/held-systems.com\/en\/wp-json\/wp\/v2\/users\/2"}],"replies":[{"embeddable":true,"href":"https:\/\/held-systems.com\/en\/wp-json\/wp\/v2\/comments?post=1430"}],"version-history":[{"count":249,"href":"https:\/\/held-systems.com\/en\/wp-json\/wp\/v2\/pages\/1430\/revisions"}],"predecessor-version":[{"id":2198,"href":"https:\/\/held-systems.com\/en\/wp-json\/wp\/v2\/pages\/1430\/revisions\/2198"}],"wp:attachment":[{"href":"https:\/\/held-systems.com\/en\/wp-json\/wp\/v2\/media?parent=1430"}],"curies":[{"name":"wp","href":"https:\/\/api.w.org\/{rel}","templated":true}]}}